{"id":1682,"date":"2018-08-11T09:22:17","date_gmt":"2018-08-11T09:22:17","guid":{"rendered":"https:\/\/assisipaxmundi.org\/paxmundi\/?page_id=1682"},"modified":"2021-10-02T14:35:09","modified_gmt":"2021-10-02T12:35:09","slug":"privacy-policy","status":"publish","type":"page","link":"https:\/\/assisipaxmundi.org\/paxmundi\/privacy-policy\/","title":{"rendered":"Privacy Policy"},"content":{"rendered":"<p><strong>Informativa sul trattamento dei dati personali<\/strong><br \/>\n<strong>Ai sensi del Reg UE 2016\/679<\/strong><\/p>\n<p>Il Titolare del trattamento riconosce l\u2019importanza della protezione dei dati personali e considera la sua tutela uno degli obiettivi principali della propria attivit\u00e0.<\/p>\n<p>Prima di comunicare qualsiasi dato personale, il Titolare invita a leggere con attenzione la presente informativa privacy e la cookie policy<em>,<\/em>\u00a0poich\u00e9 contengono informazioni importanti sulla tutela dei dati personali e sulle misure di sicurezza adottate per garantirne la riservatezza, nel pieno rispetto della normativa applicabile.<\/p>\n<p>Il Titolare del trattamento informa che il trattamento dei dati personali sar\u00e0 improntato ai principi di liceit\u00e0, correttezza, trasparenza, limitazione delle finalit\u00e0 e della conservazione, minimizzazione dei dati, esattezza, integrit\u00e0 e riservatezza. I dati personali verranno, pertanto, trattati in accordo con le disposizioni legislative della normativa applicabile e con gli obblighi di riservatezza ivi previsti.<\/p>\n<p>La presente\u00a0<em>privacy policy<\/em>\u00a0si intende resa solo per il sito\u00a0<a href=\"http:\/\/www.assisipaxmundi.org\/\">www.assisipaxmundi.org<\/a>\u00a0e non si applica ad altri siti\u00a0<em>web<\/em>\u00a0eventualmente consultati tramite\u00a0<em>link\u00a0<\/em>esterni.<\/p>\n<p><strong>INDICE<\/strong><\/p>\n<p>1. Titolare del trattamento. Responsabile della protezione dei dati (RPD o DPO).<\/p>\n<p>2. Tipi di dati trattati.<\/p>\n<p>3. Finalit\u00e0 e base giuridica del trattamento.<\/p>\n<p>4. Processi decisionali automatizzati, profilazione.<\/p>\n<p>5. Destinatari dei dati personali.<\/p>\n<p>6. Trasferimento di dati verso paesi terzi.<\/p>\n<p>7. Tempi di conservazione dei dati.<\/p>\n<p>8. Diritti dell\u2019interessato.<\/p>\n<p>9. Reclami.<\/p>\n<p>10. Modifiche.<\/p>\n<p><strong>1. Titolare del trattamento. Responsabile della protezione dei dati personali (RPD o DPO)<\/strong><\/p>\n<p>Il Titolare del trattamento \u00e8 l\u2019Associazione Culturale Cappella Musicale della Basilica Papale di San Francesco Assisi\u00a0(C.F.\u00a094104760544), con sede\u00a0in Assisi (PG), P.zza S. Francesco n. 2, in persona del legale rappresentante\u00a0<em>pro tempore<\/em>, e-mail <a href=\"mailto:c.musicale@sanfrancescoassisi.org\">c.musicale@sanfrancescoassisi.org<\/a>.<\/p>\n<p>Il Titolare del trattamento ha nominato un Responsabile della Protezione dei Dati (RPD o DPO) che pu\u00f2 essere contattato all\u2019indirizzo\u00a0<a href=\"mailto:dpo@sanfrancescoassisi.org\"><u>dpo@sanfrancescoassisi.org<\/u><\/a>\u00a0per qualunque informazione inerente i trattamenti di dati personali effettuati.<\/p>\n<p><strong>2. Tipi di dati trattati<\/strong><\/p>\n<p>Per dato personale si intende qualsiasi informazione riguardante una persona fisica, identificata o identificabile, con particolare riferimento a un identificativo come il nome, un numero di identificazione, dati relativi all\u2019ubicazione, un identificativo online o a uno o pi\u00f9 elementi caratteristici della sua identit\u00e0 fisica, fisiologica, psichica, economica, culturale o sociale.<\/p>\n<p>Il Titolare del trattamento, per il perseguimento delle finalit\u00e0 indicate al successivo punto 3 della presente informativa, tratter\u00e0 le seguenti categorie di dati personali:<\/p>\n<table>\n<tbody>\n<tr>\n<td>DATI PERSONALI COMUNI\u00a0DELL\u2019UTENTE<\/td>\n<td>es.: dati anagrafici, di contatto e di pagamento.<\/td>\n<\/tr>\n<tr>\n<td>DATI DI NAVIGAZIONE<\/td>\n<td>es.: indirizzi IP,\u00a0nomi di dominio,\u00a0dati dei\u00a0<em>computer\u00a0<\/em>utilizzati dagli Utenti che si connettono al sito, gli indirizzi in notazione URI (<em>Uniform<\/em><em>\u00a0Resource\u00a0<\/em><em>Identifier<\/em>) delle risorse richieste, l\u2019orario della richiesta, il metodo utilizzato nel sottoporre la richiesta al\u00a0<em>server<\/em>, la dimensione del file ottenuto in risposta, il codice numerico indicante lo stato della risposta data dal\u00a0<em>server\u00a0<\/em>(buon fine, errore, ecc.).<\/td>\n<\/tr>\n<tr>\n<td>COOKIE E TECNOLOGIE AFFINI<\/td>\n<td>Il Titolare del trattamento raccoglie dati personali anche attraverso l\u2019utilizzo di cookie. Per maggiori informazioni Ti invitiamo a consultare la cookie policy.<\/td>\n<\/tr>\n<\/tbody>\n<\/table>\n<p>Il Titolare del trattamento tratter\u00e0 questi dati in forma cartacea e telematica, nel rispetto della normativa applicabile, assumendo che siano riferiti a Te o a terzi soggetti che Ti hanno espressamente autorizzato a conferirli in base ad un\u2019idonea base giuridica che ne legittima il trattamento. Rispetto a tali ipotesi (conferimento di dati di terzi) Ti poni come autonomo titolare del trattamento, assumendo tutti gli obblighi e le responsabilit\u00e0 di legge. In tal senso, conferisci sul punto la pi\u00f9 ampia manleva rispetto ad ogni contestazione, pretesa, richiesta di risarcimento del danno da trattamento, etc. che dovesse pervenire al Titolare del trattamento da terzi soggetti i cui dati personali siano stati trattati attraverso il Tuo utilizzo del Sito in violazione della normativa applicabile.<\/p>\n<p><strong>3. Finalit\u00e0 e base giuridica del trattamento<\/strong><\/p>\n<p>I Tuoi dati personali verranno trattati per le seguenti finalit\u00e0:<\/p>\n<table>\n<tbody>\n<tr>\n<td><strong>Finalit\u00e0 del trattamento<\/strong><\/td>\n<td><strong>Base giuridica del trattamento<\/strong><\/td>\n<td><strong>Tipologia di dati trattati<\/strong><\/td>\n<td><strong>Carattere obbligatorio o facoltativo del conferimento dei dati<\/strong><\/td>\n<td><strong>Conseguenze del rifiuto al conferimento e\/o del mancato conferimento dei dati<\/strong><\/td>\n<\/tr>\n<tr>\n<td>Effettuare acquisti tramite il sito web.<\/td>\n<td>\u2013 Esecuzione di un contratto di cui l\u2019interessato \u00e8 parte o esecuzione di misure precontrattuali adottate su richiesta dello stesso (art. 6 par. 1 lett. b) GDPR).<\/td>\n<td>Dati personali comuni (dati anagrafici, di contatto e di pagamento).<\/td>\n<td>Il conferimento dei dati \u00e8 obbligatorio per effettuare acquisti sul sito web.<\/td>\n<td>In caso di mancato conferimento dei dati non sar\u00e0 possibile acquistare prodotti sul sito web.<\/td>\n<\/tr>\n<tr>\n<td>Adempiere agli obblighi imposti dalla normativa (es: in materia contabile e fiscale).<\/td>\n<td>\u2013 Adempimento di un obbligo legale a cui \u00e8 soggetto il Titolare del trattamento (art. 6 par. 1 lett. c) GDPR)<\/td>\n<td>Dati personali comuni (dati anagrafici, di contatto, di pagamento).<\/p>\n<p>&nbsp;<\/td>\n<td>Il conferimento dei dati \u00e8 obbligatorio.<\/td>\n<td>In caso di mancato conferimento dei dati non sar\u00e0 possibile riscontrare o eseguire le Tue richieste.<\/td>\n<\/tr>\n<tr>\n<td>Riscontrare le richieste inviate utilizzando i dati di contatto presenti sul sito web.<\/td>\n<td>\u2013 Esecuzione di un contratto di cui l\u2019interessato \u00e8 parte o esecuzione di misure precontrattuali adottate su richiesta dello stesso (art. 6 par. 1 lett. b) GDPR).<\/td>\n<td>Dati personali comuni (dati anagrafici\u00a0e di contatto).<\/td>\n<td>Il conferimento dei dati personali \u00e8 necessario per poter ricevere riscontro al messaggio.<\/td>\n<td>In caso di mancato conferimento dei dati non sar\u00e0 possibile riscontrare la Tua richiesta.<\/td>\n<\/tr>\n<tr>\n<td>Ricerche e\/o analisi statistiche su dati aggregati o anonimi (senza possibilit\u00e0 di identificare l\u2019Utente), volti a misurare il funzionamento del Sito, misurare il traffico e valutarne usabilit\u00e0 e interesse.<\/td>\n<td>\/<\/td>\n<td>Tale finalit\u00e0 non comporta il trattamento di dati personali dell\u2019Utente.<\/td>\n<td>\/<\/td>\n<td>\/<\/td>\n<\/tr>\n<tr>\n<td>Accertare, esercitare o difendere i propri diritti in sede giudiziaria o stragiudiziale.<\/td>\n<td>\u2013 Legittimo interesse del Titolare alla tutela dei propri diritti (art. 6 par. 1 lett. f) GDPR).<\/td>\n<td>Dati personali comuni.<\/td>\n<td>Il conferimento dei dati \u00e8 obbligatorio.<\/td>\n<td>In caso di mancato conferimento dei dati non sar\u00e0 possibile riscontrare o eseguire le Tue richieste.<\/td>\n<\/tr>\n<\/tbody>\n<\/table>\n<p><strong>4.\u00a0<\/strong><strong>Processi decisionali automatizzati, profilazione<\/strong><\/p>\n<p>Nel trattamento dei dati personali svolto per le finalit\u00e0 di cui alla presente informativa non vengono applicati processi decisionali automatizzati.<\/p>\n<p><strong>5. Destinatari dei dati personali<\/strong><\/p>\n<p>Dei dati personali potranno venire a conoscenza:<\/p>\n<ol>\n<li>persone autorizzate dal Titolare al trattamento dei dati personali che si siano impegnate alla riservatezza o abbiano un obbligo legale di riservatezza (es. dipendenti e collaboratori del Titolare);<\/li>\n<li>enti pubblici (es. Amministrazione finanziaria e\/o Agenzia delle Entrate per quanto riguarda la documentazione fiscale relativa agli acquisti);<\/li>\n<li>professionisti e societ\u00e0 di servizi per l\u2019amministrazione e gestione aziendale che operino per conto del Titolare del trattamento\u202f(es. commercialista, avvocato);<\/li>\n<li>istituti di credito o assimilati per la gestione dei servizi di pagamento degli acquisti;<\/li>\n<li>incaricati della manutenzione del sito web e\/o dei sistemi informatici del Titolare del trattamento, il cui intervento \u00e8 necessario per l\u2019erogazione dei servizi offerti dal Sito, che agiscono in qualit\u00e0 di responsabili del trattamento;<\/li>\n<li>corrieri per la consegna dei prodotti e altri soggetti il cui intervento sia funzionale all\u2019esecuzione dell\u2019ordine effettuato;<\/li>\n<li>Custodia Generale del Sacro Convento di San Francesco in Assisi;<\/li>\n<li>autorit\u00e0 giurisdizionali nell\u2019esercizio delle loro funzioni quando richiesto dalla normativa applicabile.<\/li>\n<\/ol>\n<p>I dati non sono soggetti a diffusione.<\/p>\n<p><strong>6. Trasferimento dei dati verso paese terzi<\/strong><\/p>\n<p>I dati saranno trattati e archiviati all\u2019interno dello Spazio Economico Europeo. Alcuni dati personali potrebbero essere trasferiti a Fornitori che si trovano al di fuori dello Spazio Economico Europeo. In tali ipotesi i trasferimenti si basano alternativamente su una decisione di adeguatezza o sulle Standard Model Clauses approvate dalla Commissione Europea e i Tuoi dati verranno trattati dai Fornitori nel rispetto della normativa applicabile. Maggiori informazioni potranno essere richieste al Titolare del Trattamento o al DPO ai recapiti suindicati al punto 1 della presente informativa.<\/p>\n<p><strong>7. Tempi di conservazione dei dati<\/strong><\/p>\n<p>I dati personali raccolti durante la navigazione sul sito verranno conservati per il tempo strettamente necessario al perseguimento delle finalit\u00e0 suindicate. Ad esempio i dati relativi alla fatturazione degli acquisti verranno conservati per 10 anni come prescrive la normativa fiscale.<\/p>\n<p>Fatto salvo quanto sopra, il Titolare tratter\u00e0 i tuoi dati personali per il tempo permesso dalla legge italiana a tutela dei propri interessi (artt. 2946 e 2947 c.c.).<\/p>\n<p>Maggiori informazioni in merito ai tempi di conservazione potranno essere richieste scrivendo al Titolare del trattamento o al DPO agli indirizzi indicati al punto 1 della presente informativa.<\/p>\n<p><strong>8. Diritti degli interessati<\/strong><\/p>\n<p>In qualit\u00e0 di interessato, relativamente al trattamento dei dati personali, hai diritto di:<\/p>\n<p>\u2013 accedere ai dati personali che Ti riguardano (art. 15 GDPR);<\/p>\n<p>\u2013 ottenere la rettifica dei dati personali inesatti, l\u2019integrazione di quelli incompleti (art. 16 GDPR);<\/p>\n<p>\u2013 ottenere la cancellazione dei dati (art. 17 GDPR);<\/p>\n<p>\u2013 ottenere la limitazione del trattamento (art. 18 GDPR);<\/p>\n<p>\u2013 opporti, in tutto o in parte, per motivi legittimi al trattamento dei dati personali che Ti riguardano ancorch\u00e8 pertinenti allo scopo della raccolta (artt. 21 GDPR);<\/p>\n<p>\u2013 alla portabilit\u00e0 dei dati, ossia a ricevere in un formato strutturato, di uso comune e leggibile da dispositivo automatico i dati personali che ti riguardano forniti al Titolare del trattamento (art. 20 GDPR).<\/p>\n<p>In taluni casi l\u2019esercizio dei diritti potr\u00e0 essere limitato ai sensi dell\u2019art. 23 GDPR.<\/p>\n<p>Le richieste vanno rivolte al Titolare del trattamento o al DPO a mezzo e-mail o raccomandata a.r. utilizzando gli indirizzi indicati al punto 1 della presente informativa.<\/p>\n<p><strong>9. Reclami<\/strong><\/p>\n<p>Nel caso in cui ritenga che i Tuoi dati personali siano stati trattati in modo non conforme alla normativa hai diritto di proporre reclamo all\u2019Autorit\u00e0 di controllo dello Stato membro dell\u2019Unione Europea in cui risiedi abitualmente o lavori ovvero del luogo dove si \u00e8 verificata la presunta violazione.<\/p>\n<p>In Italia l\u2019Autorit\u00e0 di controllo \u00e8 il Garante per la protezione dei dati personali con sede in Roma, Piazza Venezia n. 11, Centralino telefonico: (+39) 06.696771, e-mail:\u00a0<a href=\"mailto:garante@gpdp.it\">garante@gpdp.it<\/a>.<\/p>\n<p><strong>10. Modifiche<\/strong><\/p>\n<p>La presente informativa privacy \u00e8 in vigore dal\u00a0 22\/09\/2021. Il Titolare del trattamento si riserva di modificarne o aggiornarne il contenuto, in tutto o in parte; Ti invita, pertanto, a visitare con regolarit\u00e0 questa sezione per essere sempre aggiornato su eventuali modifiche.<\/p>\n","protected":false},"excerpt":{"rendered":"<p>Informativa sul trattamento dei dati personali Ai sensi del Reg UE 2016\/679 Il Titolare del trattamento riconosce l\u2019importanza della protezione dei dati personali e considera la sua tutela uno degli [&hellip;]<\/p>\n","protected":false},"author":1,"featured_media":0,"parent":0,"menu_order":0,"comment_status":"closed","ping_status":"open","template":"","meta":{"give_campaign_id":0,"footnotes":""},"class_list":["post-1682","page","type-page","status-publish","hentry"],"campaignId":"","_links":{"self":[{"href":"https:\/\/assisipaxmundi.org\/paxmundi\/wp-json\/wp\/v2\/pages\/1682","targetHints":{"allow":["GET"]}}],"collection":[{"href":"https:\/\/assisipaxmundi.org\/paxmundi\/wp-json\/wp\/v2\/pages"}],"about":[{"href":"https:\/\/assisipaxmundi.org\/paxmundi\/wp-json\/wp\/v2\/types\/page"}],"author":[{"embeddable":true,"href":"https:\/\/assisipaxmundi.org\/paxmundi\/wp-json\/wp\/v2\/users\/1"}],"replies":[{"embeddable":true,"href":"https:\/\/assisipaxmundi.org\/paxmundi\/wp-json\/wp\/v2\/comments?post=1682"}],"version-history":[{"count":3,"href":"https:\/\/assisipaxmundi.org\/paxmundi\/wp-json\/wp\/v2\/pages\/1682\/revisions"}],"predecessor-version":[{"id":2539,"href":"https:\/\/assisipaxmundi.org\/paxmundi\/wp-json\/wp\/v2\/pages\/1682\/revisions\/2539"}],"wp:attachment":[{"href":"https:\/\/assisipaxmundi.org\/paxmundi\/wp-json\/wp\/v2\/media?parent=1682"}],"curies":[{"name":"wp","href":"https:\/\/api.w.org\/{rel}","templated":true}]}}